{"id":101,"date":"2017-02-07T16:17:51","date_gmt":"2017-02-07T13:17:51","guid":{"rendered":"http:\/\/kb.tp-server.gr\/de\/?page_id=101"},"modified":"2017-02-15T20:27:31","modified_gmt":"2017-02-15T17:27:31","slug":"bird-watching","status":"publish","type":"page","link":"https:\/\/www.kalloni-bay.com\/de\/bird-watching\/","title":{"rendered":"Birdwatching"},"content":{"rendered":"<div class=\"wpb-content-wrapper\">[vc_row][vc_column width=&#8221;1\/3&#8243;][vc_column_text]\n<p style=\"text-align: justify;\">Seit Jahrzehnten kommen Wissenschaftler und Hobby Ornithologen aus aller Welt gerne nach Lesbos und insbesondere in die vitale Region der Bucht von Kalloni, um im Fr\u00fchling die gro\u00dfe Vielfalt einheimischer V\u00f6gel und Zugv\u00f6gel zu beobachten. Lesbos ist ein gro\u00dfes Drehkreuz f\u00fcr Zugv\u00f6gel aller Art. Die Insel hat hierdurch inzwischen Weltgeltung erlangt und wird in einschl\u00e4gigen Zeitschriften zu den besten Pl\u00e4tzen f\u00fcr Ornithologie und &#8220;Birdspotting&#8221; gez\u00e4hlt. Dabei taucht Lesbos immer wieder in der Gruppe der beeindruckenden Pl\u00e4tze dieser Welt, wie S\u00fcdamerika oder Kanada auf. Lassen auch Sie sich von Lesbos im Fr\u00fchling verzaubern und wandeln Sie bei milden bis warmen Temperaturen durch die bl\u00fchenden Landschaften. Lesbos ist eine &#8220;Roseninsel&#8221;, Lesbos ist eine &#8220;Orchideeninsel&#8221; und wird Ihnen eine \u00fcppige Flora und Fauna pr\u00e4sentieren. Schon unmittelbar vor dem KALLONI BAY HOTEL k\u00f6nnen Sie dem bunten Treiben der V\u00f6gel in dem Biotop (Kalloni-Habitat) zusehen. Aber auch anderswo werden Sie das rege Leben in der Luft h\u00f6ren und sehen k\u00f6nnen.<\/p>\n[\/vc_column_text][\/vc_column][vc_column width=&#8221;2\/3&#8243;][vc_media_grid element_width=&#8221;3&#8243; grid_id=&#8221;vc_gid:1487179241202-e59e133c-9c95-9&#8243; include=&#8221;102,103,104,105,106,107,108,109,110,111,112,113,114,115,116,117,118,119,120,121,122,123,124,125,126,127,128,129,130,131,132,133,134,135,136,137,138,139,140,362&#8243;][\/vc_column][\/vc_row]\n<\/div>","protected":false},"excerpt":{"rendered":"<p>[vc_row][vc_column width=&#8221;1\/3&#8243;][vc_column_text] Seit Jahrzehnten kommen Wissenschaftler und Hobby Ornithologen aus aller Welt gerne nach Lesbos und insbesondere in die vitale Region der Bucht von Kalloni, um im Fr\u00fchling die gro\u00dfe Vielfalt einheimischer V\u00f6gel und Zugv\u00f6gel zu beobachten. Lesbos ist ein gro\u00dfes Drehkreuz f\u00fcr Zugv\u00f6gel aller Art. Die Insel hat hierdurch inzwischen Weltgeltung erlangt und wird [&hellip;]<\/p>\n","protected":false},"author":2,"featured_media":0,"parent":0,"menu_order":0,"comment_status":"closed","ping_status":"closed","template":"","meta":{"footnotes":""},"class_list":["post-101","page","type-page","status-publish","hentry"],"_links":{"self":[{"href":"https:\/\/www.kalloni-bay.com\/de\/wp-json\/wp\/v2\/pages\/101","targetHints":{"allow":["GET"]}}],"collection":[{"href":"https:\/\/www.kalloni-bay.com\/de\/wp-json\/wp\/v2\/pages"}],"about":[{"href":"https:\/\/www.kalloni-bay.com\/de\/wp-json\/wp\/v2\/types\/page"}],"author":[{"embeddable":true,"href":"https:\/\/www.kalloni-bay.com\/de\/wp-json\/wp\/v2\/users\/2"}],"replies":[{"embeddable":true,"href":"https:\/\/www.kalloni-bay.com\/de\/wp-json\/wp\/v2\/comments?post=101"}],"version-history":[{"count":10,"href":"https:\/\/www.kalloni-bay.com\/de\/wp-json\/wp\/v2\/pages\/101\/revisions"}],"predecessor-version":[{"id":372,"href":"https:\/\/www.kalloni-bay.com\/de\/wp-json\/wp\/v2\/pages\/101\/revisions\/372"}],"wp:attachment":[{"href":"https:\/\/www.kalloni-bay.com\/de\/wp-json\/wp\/v2\/media?parent=101"}],"curies":[{"name":"wp","href":"https:\/\/api.w.org\/{rel}","templated":true}]}}