{"id":142,"date":"2017-02-07T16:46:36","date_gmt":"2017-02-07T13:46:36","guid":{"rendered":"http:\/\/kb.tp-server.gr\/de\/?page_id=142"},"modified":"2017-02-15T20:18:04","modified_gmt":"2017-02-15T17:18:04","slug":"the-history-faces-of-lesvos","status":"publish","type":"page","link":"https:\/\/www.kalloni-bay.com\/de\/the-history-faces-of-lesvos\/","title":{"rendered":"Die Insel Lesvos"},"content":{"rendered":"<div class=\"wpb-content-wrapper\">[vc_row][vc_column width=&#8221;1\/2&#8243;][vc_column_text]\n<p style=\"text-align: justify;\">Lesbos bereitete die B\u00fchne f\u00fcr Mythologie, Helden- und G\u00f6ttersagen und eine 3000 Jahre alte Geschichte.<\/p>\n<p>Die Insel war Heimat der strahlenden Tochter des Helios, die Gattin des K\u00f6nig Minos und Mutter des Minotaurus wurde. Namentlich ist die Insel erstmalig bei den Hethitern erw\u00e4hnt. Auf Lesbos kann man nachempfinden, wie die Flotte der Griechen nach Troja vorbeigesegelt ist, um f\u00fcr eine einzige Frau in den Krieg zu ziehen. Hier hat die gro\u00dfe Lyrikerin der Antike Sappho gelebt und die T\u00f6chter der Insel in erotischer Poesie &#8220;unterrichtet&#8221;.<\/p>\n<p>Theophrastos von Erresos, der Sch\u00fcler des gro\u00dfen Aristoteles hat hier als Philosoph und einer der ersten Naturforscher Flora und Faune studiert. Lesbos war auch Schauplatz des Krieges zwischen Athen und Sparta mit der anschlie\u00dfenden Seeschlacht bei den Arginusen, die nach dem Sieg der Athener zur Befreiung der Insel f\u00fchrte. Aber zu welchem Preis? Im anschlie\u00dfenden Prozess in Athen forderte das aufgebrachte Volk den Tod der Strategen (Befehlshaber), weil es diesen unm\u00f6glich war im Sturm die Seelen der schiffbr\u00fcchigen Kameraden zu bergen; Voraussetzung f\u00fcr den Einlass in den Hades. Auch der besonnnene Sokrates, der sich gegen das Todesurteil wandte, konnte dieses Schicksal nicht verhindern.<\/p>\n<p>Hier ist Irene von Athen, die Kaiserin von Byzanz, welche die erste ikonoklastische Periode beendet hat, im Exil gestorben. Im 14. Jahrhundert bekam die Genueser zum Dank f\u00fcr ihre Waffenhilfe f\u00fcr den Kaiser und gegen den Gegenkaiser, die Insel geschenkt. Die Gattelusio verloren die Insel dann mit dem Fall Konstantinopels an das Osmanische Reich. Die Schergen des Sultan suchten hier nach jungen M\u00e4nner f\u00fcr die Elitegruppe der Janitscharen und nach h\u00fcbschen M\u00e4dchen f\u00fcr den Harem der \u201ehohen Pforte&#8221; am Bosporus. Theofilos, der gro\u00dfe Vertreter der griechischen naiven Malerei hat hier im 19. Jahrhundert gelebt.<\/p>\n<p>1912 wurde die Insel im Zuge des griechischen Unabh\u00e4ngigkeitskrieges von den Griechen befreit. Die Griechen von Smyrna (t\u00fcrkisch: rum im Sinne von Ostr\u00f6mer) retteten sich und Ihre Erinnerungen an Kleinasien im griechisch-t\u00fcrkischen Krieg von 1923\/23 hierher. Die Familie von Odysseas Elytis, dem gro\u00dfen Schriftsteller und Nobelpreistr\u00e4ger, stammt ebenso, wie die des demokratischen US-Pr\u00e4sidentschaftskandidaten von 1988, Michael Dukakis, von Lesbos.<\/p>\n[\/vc_column_text][\/vc_column][vc_column width=&#8221;1\/2&#8243;][vc_media_grid element_width=&#8221;3&#8243; grid_id=&#8221;vc_gid:1487178604692-54037745-3a0d-0&#8243; include=&#8221;143,144,145,146,147,148,149,150,151,152,153,154,155,156,157,158,159,160,161,162,163,164,165,166,167,168,169,170,171,172,173,174,175,176,177,178,179,180,181,182,183,184,185,356&#8243;][\/vc_column][\/vc_row]\n<\/div>","protected":false},"excerpt":{"rendered":"<p>[vc_row][vc_column width=&#8221;1\/2&#8243;][vc_column_text] Lesbos bereitete die B\u00fchne f\u00fcr Mythologie, Helden- und G\u00f6ttersagen und eine 3000 Jahre alte Geschichte. Die Insel war Heimat der strahlenden Tochter des Helios, die Gattin des K\u00f6nig Minos und Mutter des Minotaurus wurde. Namentlich ist die Insel erstmalig bei den Hethitern erw\u00e4hnt. Auf Lesbos kann man nachempfinden, wie die Flotte der Griechen [&hellip;]<\/p>\n","protected":false},"author":2,"featured_media":0,"parent":0,"menu_order":0,"comment_status":"closed","ping_status":"closed","template":"","meta":{"footnotes":""},"class_list":["post-142","page","type-page","status-publish","hentry"],"_links":{"self":[{"href":"https:\/\/www.kalloni-bay.com\/de\/wp-json\/wp\/v2\/pages\/142","targetHints":{"allow":["GET"]}}],"collection":[{"href":"https:\/\/www.kalloni-bay.com\/de\/wp-json\/wp\/v2\/pages"}],"about":[{"href":"https:\/\/www.kalloni-bay.com\/de\/wp-json\/wp\/v2\/types\/page"}],"author":[{"embeddable":true,"href":"https:\/\/www.kalloni-bay.com\/de\/wp-json\/wp\/v2\/users\/2"}],"replies":[{"embeddable":true,"href":"https:\/\/www.kalloni-bay.com\/de\/wp-json\/wp\/v2\/comments?post=142"}],"version-history":[{"count":8,"href":"https:\/\/www.kalloni-bay.com\/de\/wp-json\/wp\/v2\/pages\/142\/revisions"}],"predecessor-version":[{"id":369,"href":"https:\/\/www.kalloni-bay.com\/de\/wp-json\/wp\/v2\/pages\/142\/revisions\/369"}],"wp:attachment":[{"href":"https:\/\/www.kalloni-bay.com\/de\/wp-json\/wp\/v2\/media?parent=142"}],"curies":[{"name":"wp","href":"https:\/\/api.w.org\/{rel}","templated":true}]}}