{"id":216,"date":"2017-02-07T18:26:35","date_gmt":"2017-02-07T15:26:35","guid":{"rendered":"http:\/\/kb.tp-server.gr\/de\/?page_id=216"},"modified":"2017-05-23T10:28:56","modified_gmt":"2017-05-23T07:28:56","slug":"rooms","status":"publish","type":"page","link":"https:\/\/www.kalloni-bay.com\/de\/rooms\/","title":{"rendered":"Zimmer"},"content":{"rendered":"<div class=\"wpb-content-wrapper\">[vc_row][vc_column width=&#8221;1\/3&#8243;][vc_column_text]\n<p id=\"tw-target-text\" class=\"tw-data-text tw-ta tw-text-small\" dir=\"ltr\" style=\"text-align: left;\" data-placeholder=\"\u039c\u03b5\u03c4\u03ac\u03c6\u03c1\u03b1\u03c3\u03b7\"><span lang=\"de\">Das Kalloni Bay Hotel verf\u00fcgt \u00fcber 54 luxuri\u00f6se Zimmer,<br \/>\ndie alle mit den passenden M\u00f6beln ausgestattet sind, die auf Ihre Bed\u00fcrfnisse abgestimmt sind.<\/span><\/p>\n<p id=\"tw-target-text\" class=\"tw-data-text tw-ta tw-text-small\" dir=\"ltr\" style=\"text-align: left;\" data-placeholder=\"\u039c\u03b5\u03c4\u03ac\u03c6\u03c1\u03b1\u03c3\u03b7\"><span lang=\"de\">Die Zimmer verf\u00fcgen \u00fcber Patio, Aussicht, TV, Telefon, Radio, Klimaanlage, Fliesen- \/ Marmorboden, Dusche, WC,<br \/>\nK\u00fchlschrank und komfortable Balkone.<\/span><\/p>\n<p style=\"text-align: left;\">Es gibt auch einen automatischen Weckdienst.<\/p>\n[\/vc_column_text][\/vc_column][vc_column width=&#8221;2\/3&#8243;][vc_media_grid element_width=&#8221;2&#8243; grid_id=&#8221;vc_gid:1495524051958-5236d070-57ec-10&#8243; include=&#8221;486,487,488,489,220,221,224,490,491,492,493,494&#8243;][\/vc_column][\/vc_row]\n<\/div>","protected":false},"excerpt":{"rendered":"<p>[vc_row][vc_column width=&#8221;1\/3&#8243;][vc_column_text] Das Kalloni Bay Hotel verf\u00fcgt \u00fcber 54 luxuri\u00f6se Zimmer, die alle mit den passenden M\u00f6beln ausgestattet sind, die auf Ihre Bed\u00fcrfnisse abgestimmt sind. Die Zimmer verf\u00fcgen \u00fcber Patio, Aussicht, TV, Telefon, Radio, Klimaanlage, Fliesen- \/ Marmorboden, Dusche, WC, K\u00fchlschrank und komfortable Balkone. Es gibt auch einen automatischen Weckdienst. [\/vc_column_text][\/vc_column][vc_column width=&#8221;2\/3&#8243;][vc_media_grid element_width=&#8221;2&#8243; grid_id=&#8221;vc_gid:1495524051958-5236d070-57ec-10&#8243; include=&#8221;486,487,488,489,220,221,224,490,491,492,493,494&#8243;][\/vc_column][\/vc_row]<\/p>\n","protected":false},"author":2,"featured_media":0,"parent":0,"menu_order":0,"comment_status":"closed","ping_status":"closed","template":"","meta":{"footnotes":""},"class_list":["post-216","page","type-page","status-publish","hentry"],"_links":{"self":[{"href":"https:\/\/www.kalloni-bay.com\/de\/wp-json\/wp\/v2\/pages\/216","targetHints":{"allow":["GET"]}}],"collection":[{"href":"https:\/\/www.kalloni-bay.com\/de\/wp-json\/wp\/v2\/pages"}],"about":[{"href":"https:\/\/www.kalloni-bay.com\/de\/wp-json\/wp\/v2\/types\/page"}],"author":[{"embeddable":true,"href":"https:\/\/www.kalloni-bay.com\/de\/wp-json\/wp\/v2\/users\/2"}],"replies":[{"embeddable":true,"href":"https:\/\/www.kalloni-bay.com\/de\/wp-json\/wp\/v2\/comments?post=216"}],"version-history":[{"count":7,"href":"https:\/\/www.kalloni-bay.com\/de\/wp-json\/wp\/v2\/pages\/216\/revisions"}],"predecessor-version":[{"id":496,"href":"https:\/\/www.kalloni-bay.com\/de\/wp-json\/wp\/v2\/pages\/216\/revisions\/496"}],"wp:attachment":[{"href":"https:\/\/www.kalloni-bay.com\/de\/wp-json\/wp\/v2\/media?parent=216"}],"curies":[{"name":"wp","href":"https:\/\/api.w.org\/{rel}","templated":true}]}}