{"id":228,"date":"2017-02-07T18:39:15","date_gmt":"2017-02-07T15:39:15","guid":{"rendered":"http:\/\/kb.tp-server.gr\/de\/?page_id=228"},"modified":"2017-02-15T20:21:58","modified_gmt":"2017-02-15T17:21:58","slug":"the-bay-of-kalloni-for-free-spirits","status":"publish","type":"page","link":"https:\/\/www.kalloni-bay.com\/de\/the-bay-of-kalloni-for-free-spirits\/","title":{"rendered":"Die Bucht Von Kalloni &#8211; F\u00fcr Individualisten"},"content":{"rendered":"<div class=\"wpb-content-wrapper\">[vc_row][vc_column width=&#8221;1\/3&#8243;][vc_column_text]\n<p style=\"text-align: justify;\">In der Gemeinde Kalloni, an der Nordseite der gro\u00dfen Bucht von Kalloni, befindet man sich im geographischen Zentrum der Insel und doch am Meer. Hier befindet sich auch der kleine liebensw\u00fcrdige Fischerort Skala Kallonis direkt am Ausgang der herrlich gr\u00fcnen und Lebensstiftenden Schwemmebene von Kalloni.<\/p>\n<p>Direkt neben dem Marktplatz des Ortes befindet sich auch der Hafen mit seinen kleinen Tavernen und Bars. Im malerischen Hafen liegen die tuckernden Fischerboote, die mehrmals am Tag in die Bucht hinaus fahren und Fischern legen ihre Netze zusammen. Sie werden das Ger\u00e4usch nicht mehr missen wollen. In diesem gem\u00fctlichen D\u00f6rfchen gibt es auch B\u00e4cker, Gem\u00fcsel\u00e4den und kleinere Superm\u00e4rkte mit Zeitungen.<\/p>\n<p>Am Sandstrand von Skala Kalloni kann man wunderbar vertr\u00e4umt die Seele baumeln und den Blick weit schweifen lassen. Die beeindruckende Bucht von Kalloni mit ihrer weit entfernten Gebirgskette sorgt daf\u00fcr, dass die Tagtr\u00e4ume nie ganz verloren gehen. Bei klarer Sicht k\u00f6nnen Sie sogar die Spitze des Pelineon, des h\u00f6chsten Bergs von Chios im Dunst erkennen. Das Wasser in der Bucht ist nicht ganz so kalt und tief wie am offenen Meer. Das Meer der Bucht eignet sich daher auch ideal f\u00fcr Familien mit Kindern. Sein etwas salzigerer Gehalt ist eine Wohltat K\u00f6rper und Gem\u00fct.<\/p>\n<p>Oder sie spazieren durch die malerischen D\u00f6rfer der Ebene bis nach Kalloni, den ca. 4 km entfernte zweitgr\u00f6\u00dften Ort der Insel mit vielen Banken, einer Kranken- und Polizeistation und vielen h\u00fcbschen Gesch\u00e4ften. In den D\u00f6rfern um Kalloni werden Sie noch viele echte Inselgriechen kennenlernen, die vor ihren H\u00e4usern oder in den zahlreichen Ouzerias sitzen und lautstark diskutieren. Kalloni ist irgendwie urgriechisch, sehr volksnah und auch unber\u00fchrter als die touristischeren Gebiete. Lernen Sie die echte Levante kennen!<\/p>\n<p>Der Ort ist idealer Ausgangspunkt f\u00fcr Ausfl\u00fcge mit dem Fahrad, Motorrad, Auto oder Linienbus. Von Kalloni aus erreichen Sie sternenf\u00f6rmig jeden Winkel der Insel in unter einer Stunde. An der gro\u00dfen Bucht von Kalloni befinden Sie sich im Herzen der Insel und doch ganz weit drau\u00dfen&#8230;<\/p>\n[\/vc_column_text][\/vc_column][vc_column width=&#8221;2\/3&#8243;][vc_media_grid element_width=&#8221;2&#8243; grid_id=&#8221;vc_gid:1487178894686-2e0f1d8f-577f-5&#8243; include=&#8221;229,230,231,232,233,234,235,236,237,238,239,240,241,242,243,244,245,246,247,248,249,250,251,252,253,254,255,256,257,258,259,260,261,262,359,360&#8243;][\/vc_column][\/vc_row]\n<\/div>","protected":false},"excerpt":{"rendered":"<p>[vc_row][vc_column width=&#8221;1\/3&#8243;][vc_column_text] In der Gemeinde Kalloni, an der Nordseite der gro\u00dfen Bucht von Kalloni, befindet man sich im geographischen Zentrum der Insel und doch am Meer. Hier befindet sich auch der kleine liebensw\u00fcrdige Fischerort Skala Kallonis direkt am Ausgang der herrlich gr\u00fcnen und Lebensstiftenden Schwemmebene von Kalloni. Direkt neben dem Marktplatz des Ortes befindet sich [&hellip;]<\/p>\n","protected":false},"author":2,"featured_media":0,"parent":0,"menu_order":0,"comment_status":"closed","ping_status":"closed","template":"","meta":{"footnotes":""},"class_list":["post-228","page","type-page","status-publish","hentry"],"_links":{"self":[{"href":"https:\/\/www.kalloni-bay.com\/de\/wp-json\/wp\/v2\/pages\/228","targetHints":{"allow":["GET"]}}],"collection":[{"href":"https:\/\/www.kalloni-bay.com\/de\/wp-json\/wp\/v2\/pages"}],"about":[{"href":"https:\/\/www.kalloni-bay.com\/de\/wp-json\/wp\/v2\/types\/page"}],"author":[{"embeddable":true,"href":"https:\/\/www.kalloni-bay.com\/de\/wp-json\/wp\/v2\/users\/2"}],"replies":[{"embeddable":true,"href":"https:\/\/www.kalloni-bay.com\/de\/wp-json\/wp\/v2\/comments?post=228"}],"version-history":[{"count":7,"href":"https:\/\/www.kalloni-bay.com\/de\/wp-json\/wp\/v2\/pages\/228\/revisions"}],"predecessor-version":[{"id":371,"href":"https:\/\/www.kalloni-bay.com\/de\/wp-json\/wp\/v2\/pages\/228\/revisions\/371"}],"wp:attachment":[{"href":"https:\/\/www.kalloni-bay.com\/de\/wp-json\/wp\/v2\/media?parent=228"}],"curies":[{"name":"wp","href":"https:\/\/api.w.org\/{rel}","templated":true}]}}