{"id":228,"date":"2017-02-07T18:39:15","date_gmt":"2017-02-07T15:39:15","guid":{"rendered":"http:\/\/kb.tp-server.gr\/tr\/?page_id=228"},"modified":"2017-02-15T20:54:31","modified_gmt":"2017-02-15T17:54:31","slug":"the-bay-of-kalloni-for-free-spirits","status":"publish","type":"page","link":"https:\/\/www.kalloni-bay.com\/tr\/the-bay-of-kalloni-for-free-spirits\/","title":{"rendered":"Kalloni"},"content":{"rendered":"<div class=\"wpb-content-wrapper\">[vc_row][vc_column width=&#8221;1\/3&#8243;][vc_column_text]\n<p style=\"text-align: justify;\">Kalloni belediyesi, Kalloni b\u00fcy\u00fck k\u00f6rfezin kuzey taraf\u0131nda, adanin merkezinde bulunduguna ragmen denizle ic icedir. Burda k\u00fcc\u00fck ve sirin balikci yeri Skala Kallonis bulunmaktadir.<br \/>\nSehrin pazar meydan\u0131nda bar ve tavernalariyla mesur olan liman mevcuttur. B\u00fcy\u00fcleyici limanda g\u00fcnde bi cok kez baliga cikan ve aglarini \u00f6ren balikcilari tekneleriyle g\u00f6rebilirsiniz. Kulaga hos gelen bu sesi bir daha kaybetmek istemiceksiniz. Bu \u015firin k\u00f6yde, f\u0131r\u0131nc\u0131, manav ve ufak s\u00fcpermarketler mevcuttur.<\/p>\n<p>Kallonin kumsalinda keyfinize bakabilir ve uzaklara dalabilirsiniz. Kallonin muhtesem k\u00f6rfezinde g\u00fcndelik r\u00fcyalarinizin kayip olmasi m\u00fcmk\u00fcn deyil. Iyi bir g\u00f6r\u00fcs acisinda Pelineonun ucunu, Chiosun en y\u00fcksek dagini g\u00f6rebilirsiniz. Koydaki su deniz suyuu kadar soguk ve derin deyildir. Bu y\u00fczden koydaki deniz cocuklu ayleler icin cok uygun. Suyun az i\u00e7erikli tuz orani v\u00fcc\u00fct ve ruh icin bir nimet.<\/p>\n<p style=\"text-align: justify;\">Dilerseniz 4 km uzakl\u0131kta olan Kalloniye y\u00fcr\u00fcy\u00fcs yapin, adanin ikinci b\u00fcy\u00fck m\u00fchiti, burda bir\u00e7ok banka, hastane, polis istasyonu ve bir\u00e7ok hos d\u00fckkanlar mevcut. Kalloni \u00e7evresindeki k\u00f6ylerde, evlerinin \u00f6n\u00fcnde, Ouzeriasda na hos y\u00fcksek sesde sohbet eden ger\u00e7ek ada Yunanlilarina rasliyabilirsiniz. Kalloni tipik yunancadir, insanlari cana yakin insancil ve diyer turistik b\u00f6lgelere nazaren daha dokunulmamistir. Asil Levanteyi taniyin!<\/p>\n<p>Kalloninin b\u00fcy\u00fck koyunda adanin merkezinda bulunuyorsunz ayni anda bi okadarda uzakta ve disardasiniz.<\/p>\n[\/vc_column_text][\/vc_column][vc_column width=&#8221;2\/3&#8243;][vc_media_grid element_width=&#8221;2&#8243; grid_id=&#8221;vc_gid:1487180960286-8faf1571-1afc-5&#8243; include=&#8221;229,230,231,232,233,234,235,236,237,238,239,240,241,242,243,244,245,246,247,248,249,250,251,252,253,254,255,256,257,258,259,260,261,262,359,360&#8243;][\/vc_column][\/vc_row]\n<\/div>","protected":false},"excerpt":{"rendered":"<p>[vc_row][vc_column width=&#8221;1\/3&#8243;][vc_column_text] Kalloni belediyesi, Kalloni b\u00fcy\u00fck k\u00f6rfezin kuzey taraf\u0131nda, adanin merkezinde bulunduguna ragmen denizle ic icedir. Burda k\u00fcc\u00fck ve sirin balikci yeri Skala Kallonis bulunmaktadir. Sehrin pazar meydan\u0131nda bar ve tavernalariyla mesur olan liman mevcuttur. B\u00fcy\u00fcleyici limanda g\u00fcnde bi cok kez baliga cikan ve aglarini \u00f6ren balikcilari tekneleriyle g\u00f6rebilirsiniz. Kulaga hos gelen bu sesi bir [&hellip;]<\/p>\n","protected":false},"author":2,"featured_media":0,"parent":0,"menu_order":0,"comment_status":"closed","ping_status":"closed","template":"","meta":{"footnotes":""},"class_list":["post-228","page","type-page","status-publish","hentry"],"_links":{"self":[{"href":"https:\/\/www.kalloni-bay.com\/tr\/wp-json\/wp\/v2\/pages\/228","targetHints":{"allow":["GET"]}}],"collection":[{"href":"https:\/\/www.kalloni-bay.com\/tr\/wp-json\/wp\/v2\/pages"}],"about":[{"href":"https:\/\/www.kalloni-bay.com\/tr\/wp-json\/wp\/v2\/types\/page"}],"author":[{"embeddable":true,"href":"https:\/\/www.kalloni-bay.com\/tr\/wp-json\/wp\/v2\/users\/2"}],"replies":[{"embeddable":true,"href":"https:\/\/www.kalloni-bay.com\/tr\/wp-json\/wp\/v2\/comments?post=228"}],"version-history":[{"count":7,"href":"https:\/\/www.kalloni-bay.com\/tr\/wp-json\/wp\/v2\/pages\/228\/revisions"}],"predecessor-version":[{"id":371,"href":"https:\/\/www.kalloni-bay.com\/tr\/wp-json\/wp\/v2\/pages\/228\/revisions\/371"}],"wp:attachment":[{"href":"https:\/\/www.kalloni-bay.com\/tr\/wp-json\/wp\/v2\/media?parent=228"}],"curies":[{"name":"wp","href":"https:\/\/api.w.org\/{rel}","templated":true}]}}